{"id":3682,"date":"2020-01-04T19:00:15","date_gmt":"2020-01-04T18:00:15","guid":{"rendered":"https:\/\/www.archeorunning.com\/?page_id=3682"},"modified":"2021-11-25T17:43:40","modified_gmt":"2021-11-25T16:43:40","slug":"film-tour-rome","status":"publish","type":"page","link":"https:\/\/www.archeorunning.com\/en\/film-tour-rome\/","title":{"rendered":"Film tour Rome"},"content":{"rendered":"\t\t<div data-elementor-type=\"wp-page\" data-elementor-id=\"3682\" class=\"elementor elementor-3682\" data-elementor-post-type=\"page\">\n\t\t\t\t\t\t<section class=\"elementor-section elementor-top-section elementor-element elementor-element-29cd054 elementor-section-boxed elementor-section-height-default elementor-section-height-default\" data-id=\"29cd054\" data-element_type=\"section\" data-e-type=\"section\">\n\t\t\t\t\t\t<div class=\"elementor-container elementor-column-gap-default\">\n\t\t\t\t\t<div class=\"elementor-column elementor-col-100 elementor-top-column elementor-element elementor-element-7501949\" data-id=\"7501949\" data-element_type=\"column\" data-e-type=\"column\">\n\t\t\t<div class=\"elementor-widget-wrap elementor-element-populated\">\n\t\t\t\t\t\t<div class=\"elementor-element elementor-element-aadf2ad elementor-widget elementor-widget-heading\" data-id=\"aadf2ad\" data-element_type=\"widget\" data-e-type=\"widget\" data-widget_type=\"heading.default\">\n\t\t\t\t<div class=\"elementor-widget-container\">\n\t\t\t\t\t<h1 class=\"elementor-heading-title elementor-size-default\">Film Tours<\/h1>\t\t\t\t<\/div>\n\t\t\t\t<\/div>\n\t\t\t\t<div class=\"elementor-element elementor-element-cfef581 elementor-widget-divider--view-line elementor-widget elementor-widget-divider\" data-id=\"cfef581\" data-element_type=\"widget\" data-e-type=\"widget\" data-widget_type=\"divider.default\">\n\t\t\t\t<div class=\"elementor-widget-container\">\n\t\t\t\t\t\t\t<div class=\"elementor-divider\">\n\t\t\t<span class=\"elementor-divider-separator\">\n\t\t\t\t\t\t<\/span>\n\t\t<\/div>\n\t\t\t\t\t\t<\/div>\n\t\t\t\t<\/div>\n\t\t\t\t\t<\/div>\n\t\t<\/div>\n\t\t\t\t\t<\/div>\n\t\t<\/section>\n\t\t\t\t<section class=\"elementor-section elementor-top-section elementor-element elementor-element-d9e781e elementor-section-boxed elementor-section-height-default elementor-section-height-default\" data-id=\"d9e781e\" data-element_type=\"section\" data-e-type=\"section\">\n\t\t\t\t\t\t<div class=\"elementor-container elementor-column-gap-default\">\n\t\t\t\t\t<div class=\"elementor-column elementor-col-100 elementor-top-column elementor-element elementor-element-971f3b1\" data-id=\"971f3b1\" data-element_type=\"column\" data-e-type=\"column\">\n\t\t\t<div class=\"elementor-widget-wrap elementor-element-populated\">\n\t\t\t\t\t\t<div class=\"elementor-element elementor-element-abd83ae elementor-widget elementor-widget-html\" data-id=\"abd83ae\" data-element_type=\"widget\" data-e-type=\"widget\" data-widget_type=\"html.default\">\n\t\t\t\t<div class=\"elementor-widget-container\">\n\t\t\t\t\t<div id=\"bookingKitContainer\" data-cw=\"0605db330d0169693d7074fdc1793365\"><\/div>\n<script src=\"https:\/\/0e62bd0c95565e949707c5ecd745cc2f.widget.bookingkit.net\/bkscript\/0605db330d0169693d7074fdc1793365\/\" async><\/script>\n\n<style>\n.the_content_wrapper > .vc_section {\n    display: none !important;\n}\n<\/style>\t\t\t\t<\/div>\n\t\t\t\t<\/div>\n\t\t\t\t\t<\/div>\n\t\t<\/div>\n\t\t\t\t\t<\/div>\n\t\t<\/section>\n\t\t\t\t<section class=\"elementor-section elementor-top-section elementor-element elementor-element-19bba8a6 elementor-hidden-desktop elementor-hidden-tablet elementor-hidden-mobile elementor-section-boxed elementor-section-height-default elementor-section-height-default\" data-id=\"19bba8a6\" data-element_type=\"section\" data-e-type=\"section\">\n\t\t\t\t\t\t<div class=\"elementor-container elementor-column-gap-default\">\n\t\t\t\t\t<div class=\"elementor-column elementor-col-100 elementor-top-column elementor-element elementor-element-475d6c50\" data-id=\"475d6c50\" data-element_type=\"column\" data-e-type=\"column\">\n\t\t\t<div class=\"elementor-widget-wrap elementor-element-populated\">\n\t\t\t\t\t\t<div class=\"elementor-element elementor-element-6e967632 elementor-widget elementor-widget-text-editor\" data-id=\"6e967632\" data-element_type=\"widget\" data-e-type=\"widget\" data-widget_type=\"text-editor.default\">\n\t\t\t\t<div class=\"elementor-widget-container\">\n\t\t\t\t\t\t\t\t\t<p>[vc_row][vc_column][vc_custom_heading text=&#8221;FILM TOURS&#8221; font_container=&#8221;tag:h2|text_align:center&#8221; use_theme_fonts=&#8221;yes&#8221;][vc_raw_html]JTNDZGl2JTIwaWQlM0QlMjJib29raW5nS2l0Q29udGFpbmVyJTIyJTIwZGF0YS1jdyUzRCUyMjA2MDVkYjMzMGQwMTY5NjkzZDcwNzRmZGMxNzkzMzY1JTIyJTNFJTNDJTJGZGl2JTNFJTBBJTNDc2NyaXB0JTIwc3JjJTNEJTIyaHR0cHMlM0ElMkYlMkYwZTYyYmQwYzk1NTY1ZTk0OTcwN2M1ZWNkNzQ1Y2MyZi53aWRnZXQuYm9va2luZ2tpdC5uZXQlMkZia3NjcmlwdCUyRjA2MDVkYjMzMGQwMTY5NjkzZDcwNzRmZGMxNzkzMzY1JTJGJTIyJTIwYXN5bmMlM0UlM0MlMkZzY3JpcHQlM0UlMEElMEElM0NzdHlsZSUzRSUwQS50aGVfY29udGVudF93cmFwcGVyJTIwJTNFJTIwLnZjX3NlY3Rpb24lMjAlN0IlMEElMjAlMjAlMjAlMjBkaXNwbGF5JTNBJTIwbm9uZSUyMCUyMWltcG9ydGFudCUzQiUwQSU3RCUwQSUzQyUyRnN0eWxlJTNF[\/vc_raw_html][vc_separator color=&#8221;blue&#8221; border_width=&#8221;3&#8243;][\/vc_column][\/vc_row][vc_section][vc_row][vc_column][vc_custom_heading text=&#8221;Angeli e Demoni&#8221; font_container=&#8221;tag:h3|text_align:left&#8221; use_theme_fonts=&#8221;yes&#8221;][\/vc_column][\/vc_row][vc_row][vc_column width=&#8221;1\/5&#8243;][vc_single_image image=&#8221;3782&#8243; img_size=&#8221;300X300&#8243; alignment=&#8221;center&#8221;][\/vc_column][vc_column width=&#8221;2\/5&#8243;][vc_column_text]<\/p>\r\n<h5>Un classico film tour privato a Roma! Un intrigante percorso attraverso i luoghi resi celebri dal best seller di Dan Brown, raccontando la fantasia e l\u2019affabulazione esoterica che avvolgono i luoghi e monumenti della citt\u00e0 eterna e che da sempre costituiscono un richiamo per turisti e appassionati di arte, storia e cultura. L\u2019itinerario si svolge nel cuore della citt\u00e0 tra piazze, monumenti e palazzi che acquistano un fascino ancora pi\u00f9 grande nella citt\u00e0 eterna tra fantasia ed esoterismo. Visiteremo il Pantheon, piazza Navona, via del Governo Vecchio per terminare con Castel Sant\u2019Angelo.<\/h5>\r\n<p>[\/vc_column_text][\/vc_column][vc_column width=&#8221;2\/5&#8243;][\/vc_column][\/vc_row][vc_row][vc_column width=&#8221;1\/3&#8243;][vc_text_separator title=&#8221;5 KM&#8221; i_type=&#8221;material&#8221; i_icon_material=&#8221;vc-material vc-material-directions_run&#8221; title_align=&#8221;separator_align_left&#8221; align=&#8221;align_left&#8221; color=&#8221;white&#8221; add_icon=&#8221;true&#8221;][\/vc_column][vc_column width=&#8221;1\/3&#8243;][vc_text_separator title=&#8221;Facile&#8221; i_type=&#8221;material&#8221; i_icon_material=&#8221;vc-material vc-material-terrain&#8221; title_align=&#8221;separator_align_left&#8221; align=&#8221;align_left&#8221; color=&#8221;white&#8221; add_icon=&#8221;true&#8221;][\/vc_column][vc_column width=&#8221;1\/3&#8243;][vc_text_separator title=&#8221;2,5 H&#8221; i_type=&#8221;material&#8221; i_icon_material=&#8221;vc-material vc-material-schedule&#8221; title_align=&#8221;separator_align_left&#8221; align=&#8221;align_left&#8221; color=&#8221;white&#8221; add_icon=&#8221;true&#8221;][\/vc_column][\/vc_row][vc_row][vc_column width=&#8221;1\/3&#8243;][vc_text_separator title=&#8221;privato&#8221; i_type=&#8221;material&#8221; i_icon_material=&#8221;vc-material vc-material-supervisor_account&#8221; title_align=&#8221;separator_align_left&#8221; align=&#8221;align_left&#8221; color=&#8221;white&#8221; add_icon=&#8221;true&#8221;][\/vc_column][vc_column width=&#8221;1\/3&#8243;][vc_text_separator title=&#8221;Piazza Rotonda&#8221; i_type=&#8221;material&#8221; i_icon_material=&#8221;vc-material vc-material-room&#8221; title_align=&#8221;separator_align_left&#8221; align=&#8221;align_left&#8221; color=&#8221;white&#8221; add_icon=&#8221;true&#8221;][\/vc_column][vc_column width=&#8221;1\/3&#8243;][vc_text_separator title=&#8221;Ita \/ Eng&#8221; i_type=&#8221;material&#8221; i_icon_material=&#8221;vc-material vc-material-public&#8221; title_align=&#8221;separator_align_left&#8221; align=&#8221;align_left&#8221; color=&#8221;white&#8221; add_icon=&#8221;true&#8221;][\/vc_column][\/vc_row][vc_row][vc_column][vc_btn title=&#8221;ACQUISTA&#8221; color=&#8221;primary&#8221; size=&#8221;lg&#8221; align=&#8221;center&#8221; i_type=&#8221;material&#8221; i_icon_material=&#8221;vc-material vc-material-add_shopping_cart&#8221; add_icon=&#8221;true&#8221; link=&#8221;url:https%3A%2F%2Ffareharbor.com%2Fembeds%2Fbook%2Farcheorunning%2Fitems%2F223969%2F%3Ffull-items%3Dyes%26flow%3D382179|||&#8221; el_id=&#8221;fh-exclude&#8221;][\/vc_column][\/vc_row][vc_row][vc_column][vc_separator color=&#8221;blue&#8221; border_width=&#8221;3&#8243;][\/vc_column][\/vc_row][\/vc_section][vc_section][vc_row][vc_column][vc_custom_heading text=&#8221;Vacanze romane&#8221; font_container=&#8221;tag:h3|text_align:left&#8221; use_theme_fonts=&#8221;yes&#8221;][\/vc_column][\/vc_row][vc_row][vc_column width=&#8221;1\/5&#8243;][vc_single_image image=&#8221;2881&#8243; img_size=&#8221;300X300&#8243; alignment=&#8221;center&#8221;][\/vc_column][vc_column width=&#8221;2\/5&#8243;][vc_column_text]<\/p>\r\n<h5>Un classico film tour privato a Roma! Prendendo come spunto uno dei film tra i pi\u00f9 belli degli anni &#8217;50 e con il quale Roma ha avuto il suo momento dorato, ArcheoRunning vi propone Vacanze romane walkingtour.<\/h5>\r\n<h5>Attraverso la solita passeggiata veloce, andremo a visitare i seguenti siti: Fontana di Trevi, Piazza di Spagna, Pantheon, Piazza Venezia, Teatro di Marcello, Bocca della verit\u00e0.<\/h5>\r\n<h5>Film, premio Oscar, che \u00e8 stato una vera e propria vetrina su Roma.<\/h5>\r\n<p>[\/vc_column_text][\/vc_column][vc_column width=&#8221;2\/5&#8243;][\/vc_column][\/vc_row][vc_row][vc_column width=&#8221;1\/3&#8243;][vc_text_separator title=&#8221;5 Km&#8221; i_type=&#8221;material&#8221; i_icon_material=&#8221;vc-material vc-material-directions_run&#8221; title_align=&#8221;separator_align_left&#8221; align=&#8221;align_left&#8221; color=&#8221;white&#8221; add_icon=&#8221;true&#8221;][\/vc_column][vc_column width=&#8221;1\/3&#8243;][vc_text_separator title=&#8221;Facile&#8221; i_type=&#8221;material&#8221; i_icon_material=&#8221;vc-material vc-material-terrain&#8221; title_align=&#8221;separator_align_left&#8221; align=&#8221;align_left&#8221; color=&#8221;white&#8221; add_icon=&#8221;true&#8221;][\/vc_column][vc_column width=&#8221;1\/3&#8243;][vc_text_separator title=&#8221;2,5 H&#8221; i_type=&#8221;material&#8221; i_icon_material=&#8221;vc-material vc-material-schedule&#8221; title_align=&#8221;separator_align_left&#8221; align=&#8221;align_left&#8221; color=&#8221;white&#8221; add_icon=&#8221;true&#8221;][\/vc_column][\/vc_row][vc_row][vc_column width=&#8221;1\/3&#8243;][vc_text_separator title=&#8221;privato&#8221; i_type=&#8221;material&#8221; i_icon_material=&#8221;vc-material vc-material-supervisor_account&#8221; title_align=&#8221;separator_align_left&#8221; align=&#8221;align_left&#8221; color=&#8221;white&#8221; add_icon=&#8221;true&#8221;][\/vc_column][vc_column width=&#8221;1\/3&#8243;][vc_text_separator title=&#8221;Fontana di Trevi, lato Via della Stamperia&#8221; i_type=&#8221;material&#8221; i_icon_material=&#8221;vc-material vc-material-room&#8221; title_align=&#8221;separator_align_left&#8221; align=&#8221;align_left&#8221; color=&#8221;white&#8221; add_icon=&#8221;true&#8221;][\/vc_column][vc_column width=&#8221;1\/3&#8243;][vc_text_separator title=&#8221;Ita \/ Eng&#8221; i_type=&#8221;material&#8221; i_icon_material=&#8221;vc-material vc-material-public&#8221; title_align=&#8221;separator_align_left&#8221; align=&#8221;align_left&#8221; color=&#8221;white&#8221; add_icon=&#8221;true&#8221;][\/vc_column][\/vc_row][vc_row][vc_column][vc_btn title=&#8221;ACQUISTA&#8221; color=&#8221;primary&#8221; size=&#8221;lg&#8221; align=&#8221;center&#8221; i_type=&#8221;material&#8221; i_icon_material=&#8221;vc-material vc-material-add_shopping_cart&#8221; add_icon=&#8221;true&#8221; link=&#8221;url:https%3A%2F%2Ffareharbor.com%2Fembeds%2Fbook%2Farcheorunning%2Fitems%2F223967%2F%3Ffull-items%3Dyes%26flow%3D382179|||&#8221; el_id=&#8221;fh-exclude&#8221;][\/vc_column][\/vc_row][vc_row][vc_column][vc_separator color=&#8221;blue&#8221; border_width=&#8221;3&#8243;][\/vc_column][\/vc_row][\/vc_section][vc_section][vc_row][vc_column][vc_custom_heading text=&#8221;La dolce vita&#8221; font_container=&#8221;tag:h3|text_align:left&#8221; use_theme_fonts=&#8221;yes&#8221;][\/vc_column][\/vc_row][vc_row][vc_column width=&#8221;1\/5&#8243;][vc_single_image image=&#8221;3152&#8243; img_size=&#8221;300X300&#8243; alignment=&#8221;center&#8221;][\/vc_column][vc_column width=&#8221;2\/5&#8243;][vc_column_text]<\/p>\r\n<h5>Un classico fil tour privato a Roma! ArcheoRunning vi far\u00e0 rivivere i luoghi e i momenti del film pi\u00f9 famoso della storia del cinema, La Dolce Vita di Federico Fellini.<\/h5>\r\n<h5>Ci immergeremo nella Roma degli anni Cinquanta e Sessanta, sognando di rivivere la storia dei protagonisti.<\/h5>\r\n<h5>La nostra passeggiata partir\u00e0 da via Veneto e attraverser\u00e0 luoghi quali Piazza Barberini, Fontana di Trevi, Piazza Colonna, Via del Corso fino ad arrivare a Piazza del Popolo.<\/h5>\r\n<p>[\/vc_column_text][\/vc_column][vc_column width=&#8221;2\/5&#8243;][\/vc_column][\/vc_row][vc_row][vc_column width=&#8221;1\/3&#8243;][vc_text_separator title=&#8221;5 Km&#8221; i_type=&#8221;material&#8221; i_icon_material=&#8221;vc-material vc-material-directions_run&#8221; title_align=&#8221;separator_align_left&#8221; align=&#8221;align_left&#8221; color=&#8221;white&#8221; add_icon=&#8221;true&#8221;][\/vc_column][vc_column width=&#8221;1\/3&#8243;][vc_text_separator title=&#8221;Facile&#8221; i_type=&#8221;material&#8221; i_icon_material=&#8221;vc-material vc-material-terrain&#8221; title_align=&#8221;separator_align_left&#8221; align=&#8221;align_left&#8221; color=&#8221;white&#8221; add_icon=&#8221;true&#8221;][\/vc_column][vc_column width=&#8221;1\/3&#8243;][vc_text_separator title=&#8221;2,5 H&#8221; i_type=&#8221;material&#8221; i_icon_material=&#8221;vc-material vc-material-schedule&#8221; title_align=&#8221;separator_align_left&#8221; align=&#8221;align_left&#8221; color=&#8221;white&#8221; add_icon=&#8221;true&#8221;][\/vc_column][\/vc_row][vc_row][vc_column width=&#8221;1\/3&#8243;][vc_text_separator title=&#8221;privato&#8221; i_type=&#8221;material&#8221; i_icon_material=&#8221;vc-material vc-material-supervisor_account&#8221; title_align=&#8221;separator_align_left&#8221; align=&#8221;align_left&#8221; color=&#8221;white&#8221; add_icon=&#8221;true&#8221;][\/vc_column][vc_column width=&#8221;1\/3&#8243;][vc_text_separator title=&#8221;Via Veneto, uscita metro A Barberini&#8221; i_type=&#8221;material&#8221; i_icon_material=&#8221;vc-material vc-material-room&#8221; title_align=&#8221;separator_align_left&#8221; align=&#8221;align_left&#8221; color=&#8221;white&#8221; add_icon=&#8221;true&#8221;][\/vc_column][vc_column width=&#8221;1\/3&#8243;][vc_text_separator title=&#8221;Ita \/ Eng&#8221; i_type=&#8221;material&#8221; i_icon_material=&#8221;vc-material vc-material-public&#8221; title_align=&#8221;separator_align_left&#8221; align=&#8221;align_left&#8221; color=&#8221;white&#8221; add_icon=&#8221;true&#8221;][\/vc_column][\/vc_row][vc_row][vc_column][vc_btn title=&#8221;ACQUISTA&#8221; color=&#8221;primary&#8221; size=&#8221;lg&#8221; align=&#8221;center&#8221; i_type=&#8221;material&#8221; i_icon_material=&#8221;vc-material vc-material-add_shopping_cart&#8221; add_icon=&#8221;true&#8221; link=&#8221;url:https%3A%2F%2Ffareharbor.com%2Fembeds%2Fbook%2Farcheorunning%2Fitems%2F223965%2F%3Ffull-items%3Dyes%26flow%3D382179|||&#8221; el_id=&#8221;fh-exclude&#8221;][\/vc_column][\/vc_row][vc_row][vc_column][vc_separator color=&#8221;blue&#8221; border_width=&#8221;3&#8243;][\/vc_column][\/vc_row][\/vc_section][vc_section][vc_row][vc_column][vc_custom_heading text=&#8221;La Grande Bellezza&#8221; font_container=&#8221;tag:h3|text_align:left&#8221; use_theme_fonts=&#8221;yes&#8221;][\/vc_column][\/vc_row][vc_row][vc_column width=&#8221;1\/5&#8243;][vc_single_image image=&#8221;3780&#8243; img_size=&#8221;300X300&#8243; alignment=&#8221;center&#8221;][\/vc_column][vc_column width=&#8221;2\/5&#8243;][vc_column_text]<\/p>\r\n<h5>Un classico film tour privato a Roma! Attraverso i luoghi mostrati nel film premio oscar La Grande Bellezza avremo modo di conoscere una Roma insolita, quella pi\u00f9 nascosta. Archeorunning vi dar\u00e0 la possibilit\u00e0 di scegliere ben tre itinerari.<\/h5>\r\n<h5><\/h5>\r\n<h5>Itinerario 1 (durata circa 3 h)<\/h5>\r\n<h5>Palazzo dei Penitenzieri \u2013 Palazzo Sacchetti \u2013 Palazzo Taverna \u2013 Palazzo Altemps \u2013 Piazza Navona (con Palazzo Pamphilj, Chiesa Sant\u2019Agnese in Agone) \u2013 Palazzo Braschi \u2013 Palazzo Spada \u2013 Muraglioni del Tevere da Ponte Sisto \u2013 Tempietto del Bramante \u2013 Fontanone \u2013 Gianicolo<\/h5>\r\n<h5><\/h5>\r\n<h5>Itinerario 2 (durata circa 3h)<\/h5>\r\n<h5>Terme di Caracalla \u2013 Casa Pino Casagrande Aventino (non visitabile) \u2013 Santa Maria del Priorato \u2013 Santa Sabina \u2013 Giardino degli Aranci \u2013 Anfiteatro Flavio Colosseo\/ Casa Jep Gambardella \u2013 Musei Capitolini \u2013 Angelicum \u2013 Palazzo Brancaccio \u2013 Scala Santa \u2013 Cimitero monumentale del Verano<\/h5>\r\n<h5><\/h5>\r\n<h5>Itinerario 3 (durata circa 2h)<\/h5>\r\n<h5>Palazzo Barberini \u2013 Via Bissolati \u2013 Via Veneto \u2013 Villa Medici \u2013 Villa Giulia<\/h5>\r\n<p>[\/vc_column_text][\/vc_column][vc_column width=&#8221;2\/5&#8243;][\/vc_column][\/vc_row][vc_row][vc_column width=&#8221;1\/3&#8243;][vc_text_separator title=&#8221;5\/6 Km&#8221; i_type=&#8221;material&#8221; i_icon_material=&#8221;vc-material vc-material-directions_run&#8221; title_align=&#8221;separator_align_left&#8221; align=&#8221;align_left&#8221; color=&#8221;white&#8221; add_icon=&#8221;true&#8221;][\/vc_column][vc_column width=&#8221;1\/3&#8243;][vc_text_separator title=&#8221;Facile&#8221; i_type=&#8221;material&#8221; i_icon_material=&#8221;vc-material vc-material-terrain&#8221; title_align=&#8221;separator_align_left&#8221; align=&#8221;align_left&#8221; color=&#8221;white&#8221; add_icon=&#8221;true&#8221;][\/vc_column][vc_column width=&#8221;1\/3&#8243;][vc_text_separator title=&#8221;Variabile per itinerario. Le informazioni verranno fornite in fase di prenotazione.&#8221; i_type=&#8221;material&#8221; i_icon_material=&#8221;vc-material vc-material-schedule&#8221; title_align=&#8221;separator_align_left&#8221; align=&#8221;align_left&#8221; color=&#8221;white&#8221; add_icon=&#8221;true&#8221;][\/vc_column][\/vc_row][vc_row][vc_column width=&#8221;1\/3&#8243;][vc_text_separator title=&#8221;privato&#8221; i_type=&#8221;material&#8221; i_icon_material=&#8221;vc-material vc-material-supervisor_account&#8221; title_align=&#8221;separator_align_left&#8221; align=&#8221;align_left&#8221; color=&#8221;white&#8221; add_icon=&#8221;true&#8221;][\/vc_column][vc_column width=&#8221;1\/3&#8243;][vc_text_separator title=&#8221;Variabile per itinerario. Le informazioni verranno fornite in fase di prenotazione&#8221; i_type=&#8221;material&#8221; i_icon_material=&#8221;vc-material vc-material-room&#8221; title_align=&#8221;separator_align_left&#8221; align=&#8221;align_left&#8221; color=&#8221;white&#8221; add_icon=&#8221;true&#8221;][\/vc_column][vc_column width=&#8221;1\/3&#8243;][vc_text_separator title=&#8221;Ita \/ Eng&#8221; i_type=&#8221;material&#8221; i_icon_material=&#8221;vc-material vc-material-public&#8221; title_align=&#8221;separator_align_left&#8221; align=&#8221;align_left&#8221; color=&#8221;white&#8221; add_icon=&#8221;true&#8221;][\/vc_column][\/vc_row][vc_row][vc_column][vc_btn title=&#8221;ACQUISTA&#8221; color=&#8221;primary&#8221; size=&#8221;lg&#8221; align=&#8221;center&#8221; i_type=&#8221;material&#8221; i_icon_material=&#8221;vc-material vc-material-add_shopping_cart&#8221; add_icon=&#8221;true&#8221; link=&#8221;url:https%3A%2F%2Ffareharbor.com%2Fembeds%2Fbook%2Farcheorunning%2Fitems%2F223973%2F%3Ffull-items%3Dyes%26flow%3D382179|||&#8221; el_id=&#8221;fh-exclude&#8221;][\/vc_column][\/vc_row][vc_row][vc_column][vc_separator color=&#8221;blue&#8221; border_width=&#8221;3&#8243;][\/vc_column][\/vc_row][\/vc_section]<\/p>\r\n\t\t\t\t\t\t\t\t<\/div>\n\t\t\t\t<\/div>\n\t\t\t\t\t<\/div>\n\t\t<\/div>\n\t\t\t\t\t<\/div>\n\t\t<\/section>\n\t\t\t\t<\/div>\n\t\t","protected":false},"excerpt":{"rendered":"<p>Film Tours [vc_row][vc_column][vc_custom_heading text=&#8221;FILM TOURS&#8221; font_container=&#8221;tag:h2|text_align:center&#8221; use_theme_fonts=&#8221;yes&#8221;][vc_raw_html]JTNDZGl2JTIwaWQlM0QlMjJib29raW5nS2l0Q29udGFpbmVyJTIyJTIwZGF0YS1jdyUzRCUyMjA2MDVkYjMzMGQwMTY5NjkzZDcwNzRmZGMxNzkzMzY1JTIyJTNFJTNDJTJGZGl2JTNFJTBBJTNDc2NyaXB0JTIwc3JjJTNEJTIyaHR0cHMlM0ElMkYlMkYwZTYyYmQwYzk1NTY1ZTk0OTcwN2M1ZWNkNzQ1Y2MyZi53aWRnZXQuYm9va2luZ2tpdC5uZXQlMkZia3NjcmlwdCUyRjA2MDVkYjMzMGQwMTY5NjkzZDcwNzRmZGMxNzkzMzY1JTJGJTIyJTIwYXN5bmMlM0UlM0MlMkZzY3JpcHQlM0UlMEElMEElM0NzdHlsZSUzRSUwQS50aGVfY29udGVudF93cmFwcGVyJTIwJTNFJTIwLnZjX3NlY3Rpb24lMjAlN0IlMEElMjAlMjAlMjAlMjBkaXNwbGF5JTNBJTIwbm9uZSUyMCUyMWltcG9ydGFudCUzQiUwQSU3RCUwQSUzQyUyRnN0eWxlJTNF[\/vc_raw_html][vc_separator color=&#8221;blue&#8221; border_width=&#8221;3&#8243;][\/vc_column][\/vc_row][vc_section][vc_row][vc_column][vc_custom_heading text=&#8221;Angeli e Demoni&#8221; font_container=&#8221;tag:h3|text_align:left&#8221; use_theme_fonts=&#8221;yes&#8221;][\/vc_column][\/vc_row][vc_row][vc_column width=&#8221;1\/5&#8243;][vc_single_image image=&#8221;3782&#8243; img_size=&#8221;300X300&#8243; alignment=&#8221;center&#8221;][\/vc_column][vc_column width=&#8221;2\/5&#8243;][vc_column_text] Un classico film tour privato a Roma! Un intrigante percorso attraverso i luoghi resi celebri dal best seller di Dan Brown, raccontando la fantasia e l\u2019affabulazione esoterica che avvolgono i luoghi e monumenti della citt\u00e0 eterna [&hellip;]<\/p>\n","protected":false},"author":2,"featured_media":0,"parent":0,"menu_order":0,"comment_status":"closed","ping_status":"closed","template":"","meta":{"_monsterinsights_skip_tracking":false,"_monsterinsights_sitenote_active":false,"_monsterinsights_sitenote_note":"","_monsterinsights_sitenote_category":0,"_joinchat":[],"footnotes":""},"yst_prominent_words":[685,699,697,695,689,684,700,698,693,653,683,347,686,687,690,696,637,694,688,691],"class_list":["post-3682","page","type-page","status-publish","hentry"],"_links":{"self":[{"href":"https:\/\/www.archeorunning.com\/en\/wp-json\/wp\/v2\/pages\/3682","targetHints":{"allow":["GET"]}}],"collection":[{"href":"https:\/\/www.archeorunning.com\/en\/wp-json\/wp\/v2\/pages"}],"about":[{"href":"https:\/\/www.archeorunning.com\/en\/wp-json\/wp\/v2\/types\/page"}],"author":[{"embeddable":true,"href":"https:\/\/www.archeorunning.com\/en\/wp-json\/wp\/v2\/users\/2"}],"replies":[{"embeddable":true,"href":"https:\/\/www.archeorunning.com\/en\/wp-json\/wp\/v2\/comments?post=3682"}],"version-history":[{"count":45,"href":"https:\/\/www.archeorunning.com\/en\/wp-json\/wp\/v2\/pages\/3682\/revisions"}],"predecessor-version":[{"id":4704,"href":"https:\/\/www.archeorunning.com\/en\/wp-json\/wp\/v2\/pages\/3682\/revisions\/4704"}],"wp:attachment":[{"href":"https:\/\/www.archeorunning.com\/en\/wp-json\/wp\/v2\/media?parent=3682"}],"wp:term":[{"taxonomy":"yst_prominent_words","embeddable":true,"href":"https:\/\/www.archeorunning.com\/en\/wp-json\/wp\/v2\/yst_prominent_words?post=3682"}],"curies":[{"name":"wp","href":"https:\/\/api.w.org\/{rel}","templated":true}]}}